{"id":352,"date":"2024-10-16T15:26:12","date_gmt":"2024-10-16T14:26:12","guid":{"rendered":"https:\/\/tutypmu.com\/?page_id=352"},"modified":"2024-10-16T15:37:54","modified_gmt":"2024-10-16T14:37:54","slug":"impressum","status":"publish","type":"page","link":"https:\/\/tutypmu.com\/index.php\/impressum\/","title":{"rendered":"IMPRESSUM"},"content":{"rendered":"\n<p>Verantwortlich f\u00fcr Betrieb und Inhalte:<\/p>\n\n\n\n<p>Tuty Permanent Makeup<br>Nymphenburger Str. 47<br>80335 M\u00fcnchen<br>Deutschland<\/p>\n\n\n\n<p>+49 0172 6675464<br>Tuty@tutypmu.com<br>Steuernummer 139\/225\/80744<\/p>\n\n\n\n<ol class=\"wp-block-list\">\n<li><strong>Copyright<br><\/strong>S\u00e4mtliche Inhalte dieser Homepage sind urheberrechtlich gesch\u00fctzt. Fotos, Grafiken und Texte d\u00fcrfen ausschlie\u00dflich mit Genehmigung verwendet werden. Die Verlinkung einzelner Inhalte\/Seiten oder deren anderweitige \u00f6ffentliche Verwendung ist nur nach pers\u00f6nlicher R\u00fccksprache mit den Urhebern erlaubt.<\/li>\n\n\n\n<li><strong>Verweise und Links<br><\/strong>Wir erkl\u00e4ren hiermit ausdr\u00fccklich, dass zum Zeitpunkt der Linksetzung die entsprechenden verlinkten Seiten frei von illegalen Inhalten waren. Wir erkl\u00e4ren weiterhin, dass wir keinerlei Einfluss auf die aktuelle und zuk\u00fcnftige Gestaltung und auf die Inhalte der verlinkten Seiten haben. Deshalb distanzieren wir uns hiermit ausdr\u00fccklich von allen Inhalten aller verlinkten Seiten, die nach der Linksetzung ver\u00e4ndert wurden. Diese Feststellung gilt f\u00fcr alle innerhalb dieses Internetangebotes gesetzten Links und Verweise. F\u00fcr illegale, fehlerhafte oder unvollst\u00e4ndige Inhalte und insbesondere f\u00fcr Sch\u00e4den, die aus der Nutzung oder Nichtnutzung solcherart dargebotener Informationen entstehen, haftet allein der Anbieter der Seite, auf welche verwiesen wurde, nicht derjenige, der \u00fcber Links auf die jeweilige Ver\u00f6ffentlichung lediglich verweist.<\/li>\n\n\n\n<li><strong>Inhalt des Onlineangebotes<br><\/strong>Der Autor \u00fcbernimmt keinerlei Gew\u00e4hr f\u00fcr die Aktualit\u00e4t, Korrektheit, Vollst\u00e4ndigkeit oder Qualit\u00e4t der bereitgestellten Informationen. Haftungsanspr\u00fcche gegen den Autor, welche sich auf Sch\u00e4den materieller oder ideeller Art beziehen, die durch die Nutzung oder Nichtnutzung der dargebotenen Informationen bzw. durch die Nutzung fehlerhafter und unvollst\u00e4ndiger Informationen verursacht wurden sind grunds\u00e4tzlich ausgeschlossen. Alle Angebote sind freibleibend und unverbindlich. Der Autor beh\u00e4lt es sich ausdr\u00fccklich vor, Teile der Seiten oder das gesamte Angebot ohne gesonderte Ank\u00fcndigung zu ver\u00e4ndern, zu erg\u00e4nzen, zu l\u00f6schen oder die Ver\u00f6ffentlichung zeitweise oder endg\u00fcltig einzustellen.<\/li>\n\n\n\n<li><strong>Rechtswirksamkeit dieses Haftungsausschlusses<br><\/strong>Dieser Haftungsausschluss ist als Teil des Internetangebotes zu betrachten, von dem aus auf diese Seite verwiesen wurde. Sofern Teile oder einzelne Formulierungen dieses Textes der geltenden Rechtslage nicht, nicht mehr oder nicht vollst\u00e4ndig entsprechen sollten, bleiben die \u00fcbrigen Teile des Dokumentes in ihrem Inhalt und ihrer G\u00fcltigkeit davon unber\u00fchrt.<\/li>\n<\/ol>\n\n\n\n<p>Hinweis auf Online-Streitbeilegung gem\u00e4\u00df Art. 14 der ODR-Verordnung:<br>Die Europ\u00e4ische Kommission stellt eine Plattform zur au\u00dfergerichtlichen Online-Streitbeilegung unter https:\/\/ec.europa.eu\/consumers\/odr\/ bereit. Wir sind weder verpflichtet noch bereit an Streitbeilegungsverfahren vor einer Verbraucherschlichtungsstelle\u00a0teilzunehmen.<\/p>\n\n\n\n<p><\/p>\n\n    <div class=\"xs_social_share_widget xs_share_url after_content \t\tmain_content  wslu-style-1 wslu-share-box-shaped wslu-fill-colored wslu-none wslu-share-horizontal wslu-theme-font-no wslu-main_content\">\n\n\t\t\n        <ul>\n\t\t\t        <\/ul>\n    <\/div> \n","protected":false},"excerpt":{"rendered":"<p>Verantwortlich f\u00fcr Betrieb und Inhalte: Tuty Permanent MakeupNymphenburger Str. 4780335 M\u00fcnchenDeutschland +49 0172 6675464Tuty@tutypmu.comSteuernummer 139\/225\/80744 Hinweis auf Online-Streitbeilegung gem\u00e4\u00df Art. 14 der ODR-Verordnung:Die Europ\u00e4ische Kommission stellt eine Plattform zur au\u00dfergerichtlichen Online-Streitbeilegung unter https:\/\/ec.europa.eu\/consumers\/odr\/ bereit. Wir sind weder verpflichtet noch bereit an Streitbeilegungsverfahren vor einer Verbraucherschlichtungsstelle\u00a0teilzunehmen.<\/p>\n","protected":false},"author":1,"featured_media":0,"parent":0,"menu_order":0,"comment_status":"closed","ping_status":"closed","template":"","meta":{"footnotes":""},"class_list":["post-352","page","type-page","status-publish","hentry"],"_links":{"self":[{"href":"https:\/\/tutypmu.com\/index.php\/wp-json\/wp\/v2\/pages\/352","targetHints":{"allow":["GET"]}}],"collection":[{"href":"https:\/\/tutypmu.com\/index.php\/wp-json\/wp\/v2\/pages"}],"about":[{"href":"https:\/\/tutypmu.com\/index.php\/wp-json\/wp\/v2\/types\/page"}],"author":[{"embeddable":true,"href":"https:\/\/tutypmu.com\/index.php\/wp-json\/wp\/v2\/users\/1"}],"replies":[{"embeddable":true,"href":"https:\/\/tutypmu.com\/index.php\/wp-json\/wp\/v2\/comments?post=352"}],"version-history":[{"count":3,"href":"https:\/\/tutypmu.com\/index.php\/wp-json\/wp\/v2\/pages\/352\/revisions"}],"predecessor-version":[{"id":358,"href":"https:\/\/tutypmu.com\/index.php\/wp-json\/wp\/v2\/pages\/352\/revisions\/358"}],"wp:attachment":[{"href":"https:\/\/tutypmu.com\/index.php\/wp-json\/wp\/v2\/media?parent=352"}],"curies":[{"name":"wp","href":"https:\/\/api.w.org\/{rel}","templated":true}]}}